{"id":228,"date":"2026-03-05T14:55:38","date_gmt":"2026-03-05T14:55:38","guid":{"rendered":"https:\/\/wp1.mystudentblog.com\/?page_id=228"},"modified":"2026-03-26T09:48:18","modified_gmt":"2026-03-26T09:48:18","slug":"hotels","status":"publish","type":"page","link":"https:\/\/wp1.mystudentblog.com\/?page_id=228","title":{"rendered":"H\u00f4tels"},"content":{"rendered":"\t\t<div data-elementor-type=\"wp-page\" data-elementor-id=\"228\" class=\"elementor elementor-228\">\n\t\t\t\t<div class=\"elementor-element elementor-element-e97d114 e-flex e-con-boxed e-con e-parent\" data-id=\"e97d114\" data-element_type=\"container\">\n\t\t\t\t\t<div class=\"e-con-inner\">\n\t\t<div class=\"elementor-element elementor-element-7db9f40 e-con-full e-flex e-con e-child\" data-id=\"7db9f40\" data-element_type=\"container\">\n\t\t\t\t<div class=\"elementor-element elementor-element-db107ab elementor-widget-divider--view-line elementor-widget elementor-widget-divider\" data-id=\"db107ab\" data-element_type=\"widget\" data-widget_type=\"divider.default\">\n\t\t\t\t\t\t\t<div class=\"elementor-divider\">\n\t\t\t<span class=\"elementor-divider-separator\">\n\t\t\t\t\t\t<\/span>\n\t\t<\/div>\n\t\t\t\t\t\t<\/div>\n\t\t\t\t<div class=\"elementor-element elementor-element-f969164 elementor-widget elementor-widget-text-editor\" data-id=\"f969164\" data-element_type=\"widget\" data-widget_type=\"text-editor.default\">\n\t\t\t\t\t\t\t\t\t<h5 data-start=\"565\" data-end=\"842\"><span style=\"text-decoration: underline\"><strong>Une Invitation au Prestige Absolu<\/strong><\/span><\/h5><p data-start=\"565\" data-end=\"842\">Un s\u00e9jour dans nos h\u00f4tels de luxe est bien plus qu\u2019une simple escapade : c\u2019est une immersion dans un univers o\u00f9 chaque d\u00e9tail est pens\u00e9 pour sublimer l\u2019instant.<br data-start=\"725\" data-end=\"728\" \/>Entre \u00e9l\u00e9gance raffin\u00e9e, confort absolu et atmosph\u00e8re feutr\u00e9e, chaque espace invite \u00e0 la d\u00e9tente et \u00e0 l\u2019\u00e9vasion.<\/p><p data-start=\"844\" data-end=\"993\">Suites prestigieuses, services personnalis\u00e9s et exp\u00e9riences exclusives s\u2019unissent pour offrir un moment hors du temps, \u00e0 la fois rare et inoubliable.<\/p>\t\t\t\t\t\t\t\t<\/div>\n\t\t\t\t<\/div>\n\t\t\t\t\t<\/div>\n\t\t\t\t<\/div>\n\t\t<div class=\"elementor-element elementor-element-826dd88 e-grid e-con-boxed e-con e-parent\" data-id=\"826dd88\" data-element_type=\"container\">\n\t\t\t\t\t<div class=\"e-con-inner\">\n\t\t\t\t<div class=\"elementor-element elementor-element-e6d7d3f elementor-widget elementor-widget-image\" data-id=\"e6d7d3f\" data-element_type=\"widget\" data-widget_type=\"image.default\">\n\t\t\t\t\t\t\t\t\t\t\t\t\t\t\t<img decoding=\"async\" src=\"https:\/\/wp1.mystudentblog.com\/wp-content\/uploads\/elementor\/thumbs\/pexels-eugenia-remark-5767088-14426182-scaled-rkqcpdf3jyig788ikfyqwgk3i18xcebn842c6l5ru0.jpg\" title=\"pexels-eugenia-remark-5767088-14426182\" alt=\"pexels-eugenia-remark-5767088-14426182\" loading=\"lazy\" \/>\t\t\t\t\t\t\t\t\t\t\t\t\t\t\t<\/div>\n\t\t\t\t<div class=\"elementor-element elementor-element-2210234 elementor-widget elementor-widget-image\" data-id=\"2210234\" data-element_type=\"widget\" data-widget_type=\"image.default\">\n\t\t\t\t\t\t\t\t\t\t\t\t\t\t\t<img decoding=\"async\" src=\"https:\/\/wp1.mystudentblog.com\/wp-content\/uploads\/elementor\/thumbs\/pexels-pixabay-161758-rkqcplvn9gu13pw871me0wf8ui389o9899xpi2t8a0.jpg\" title=\"pexels-pixabay-161758\" alt=\"pexels-pixabay-161758\" loading=\"lazy\" \/>\t\t\t\t\t\t\t\t\t\t\t\t\t\t\t<\/div>\n\t\t\t\t<div class=\"elementor-element elementor-element-1347b19 elementor-widget elementor-widget-image\" data-id=\"1347b19\" data-element_type=\"widget\" data-widget_type=\"image.default\">\n\t\t\t\t\t\t\t\t\t\t\t\t\t\t\t<img decoding=\"async\" src=\"https:\/\/wp1.mystudentblog.com\/wp-content\/uploads\/elementor\/thumbs\/pexels-pavel-danilyuk-9119782-scaled-rkqcovk5y3u02myggq8u332c7poya5cqtno42bw948.jpg\" title=\"pexels-pavel-danilyuk-9119782\" alt=\"pexels-pavel-danilyuk-9119782\" loading=\"lazy\" \/>\t\t\t\t\t\t\t\t\t\t\t\t\t\t\t<\/div>\n\t\t\t\t<div class=\"elementor-element elementor-element-9437d13 elementor-widget elementor-widget-image\" data-id=\"9437d13\" data-element_type=\"widget\" data-widget_type=\"image.default\">\n\t\t\t\t\t\t\t\t\t\t\t\t\t\t\t<img decoding=\"async\" src=\"https:\/\/wp1.mystudentblog.com\/wp-content\/uploads\/2026\/03\/pexels-pixabay-277572-scaled.jpg\" title=\"pexels-pixabay-277572\" alt=\"pexels-pixabay-277572\" loading=\"lazy\" \/>\t\t\t\t\t\t\t\t\t\t\t\t\t\t\t<\/div>\n\t\t\t\t\t<\/div>\n\t\t\t\t<\/div>\n\t\t<div class=\"elementor-element elementor-element-3bec7e5 e-flex e-con-boxed e-con e-parent\" data-id=\"3bec7e5\" data-element_type=\"container\">\n\t\t\t\t\t<div class=\"e-con-inner\">\n\t\t<div class=\"elementor-element elementor-element-35b26d5 e-con-full e-flex e-con e-child\" data-id=\"35b26d5\" data-element_type=\"container\">\n\t\t\t\t<div class=\"elementor-element elementor-element-e45d69e elementor-widget elementor-widget-heading\" data-id=\"e45d69e\" data-element_type=\"widget\" data-widget_type=\"heading.default\">\n\t\t\t\t\t<h3 class=\"elementor-heading-title elementor-size-default\">Nos Services<\/h3>\t\t\t\t<\/div>\n\t\t\t\t<div class=\"elementor-element elementor-element-f569a98 elementor-widget elementor-widget-heading\" data-id=\"f569a98\" data-element_type=\"widget\" data-widget_type=\"heading.default\">\n\t\t\t\t\t<p class=\"elementor-heading-title elementor-size-default\">L\u2019excellence du d\u00e9tail au service de vos \u00e9motions<\/p>\t\t\t\t<\/div>\n\t\t<div class=\"elementor-element elementor-element-35bc5bc e-con-full e-flex e-con e-child\" data-id=\"35bc5bc\" data-element_type=\"container\">\n\t\t<div class=\"elementor-element elementor-element-87941d3 e-con-full e-flex e-con e-child\" data-id=\"87941d3\" data-element_type=\"container\">\n\t\t\t\t<div class=\"elementor-element elementor-element-fc00614 elementor-position-top elementor-widget elementor-widget-image-box\" data-id=\"fc00614\" data-element_type=\"widget\" data-widget_type=\"image-box.default\">\n\t\t\t\t\t<div class=\"elementor-image-box-wrapper\"><figure class=\"elementor-image-box-img\"><a href=\"#\" tabindex=\"-1\"><img fetchpriority=\"high\" decoding=\"async\" width=\"2560\" height=\"1707\" src=\"https:\/\/wp1.mystudentblog.com\/wp-content\/uploads\/2026\/03\/pexels-quang-nguyen-vinh-222549-6877613-scaled.jpg\" class=\"elementor-animation-grow attachment-full size-full wp-image-281\" alt=\"\" srcset=\"https:\/\/wp1.mystudentblog.com\/wp-content\/uploads\/2026\/03\/pexels-quang-nguyen-vinh-222549-6877613-scaled.jpg 2560w, https:\/\/wp1.mystudentblog.com\/wp-content\/uploads\/2026\/03\/pexels-quang-nguyen-vinh-222549-6877613-300x200.jpg 300w, https:\/\/wp1.mystudentblog.com\/wp-content\/uploads\/2026\/03\/pexels-quang-nguyen-vinh-222549-6877613-1024x683.jpg 1024w, https:\/\/wp1.mystudentblog.com\/wp-content\/uploads\/2026\/03\/pexels-quang-nguyen-vinh-222549-6877613-768x512.jpg 768w, https:\/\/wp1.mystudentblog.com\/wp-content\/uploads\/2026\/03\/pexels-quang-nguyen-vinh-222549-6877613-1536x1024.jpg 1536w, https:\/\/wp1.mystudentblog.com\/wp-content\/uploads\/2026\/03\/pexels-quang-nguyen-vinh-222549-6877613-2048x1365.jpg 2048w\" sizes=\"(max-width: 2560px) 100vw, 2560px\" \/><\/a><\/figure><div class=\"elementor-image-box-content\"><h4 class=\"elementor-image-box-title\"><a href=\"#\">Des Services Pens\u00e9s pour l\u2019Exception<\/a><\/h4><p class=\"elementor-image-box-description\">D\u00e9couvrez une s\u00e9lection de services et d\u2019activit\u00e9s con\u00e7us pour sublimer chaque instant de votre s\u00e9jour.\nDans un cadre raffin\u00e9 et apaisant, chaque d\u00e9tail est imagin\u00e9 pour offrir une exp\u00e9rience sur-mesure, \u00e0 la hauteur des attentes les plus exigeantes.<\/p><\/div><\/div>\t\t\t\t<\/div>\n\t\t\t\t<\/div>\n\t\t<div class=\"elementor-element elementor-element-27e5dca e-con-full e-flex e-con e-child\" data-id=\"27e5dca\" data-element_type=\"container\">\n\t\t\t\t<div class=\"elementor-element elementor-element-c6a6064 elementor-position-top elementor-widget elementor-widget-image-box\" data-id=\"c6a6064\" data-element_type=\"widget\" data-widget_type=\"image-box.default\">\n\t\t\t\t\t<div class=\"elementor-image-box-wrapper\"><figure class=\"elementor-image-box-img\"><a href=\"#\" tabindex=\"-1\"><img decoding=\"async\" src=\"https:\/\/wp1.mystudentblog.com\/wp-content\/uploads\/elementor\/thumbs\/pexels-vlada-karpovich-7902914-scaled-rkqf6eon9fyn952c2w57mbusijyvdg8g3gx843lq6o.jpg\" title=\"pexels-vlada-karpovich-7902914\" alt=\"pexels-vlada-karpovich-7902914\" class=\"elementor-animation-grow\" loading=\"lazy\" \/><\/a><\/figure><div class=\"elementor-image-box-content\"><h4 class=\"elementor-image-box-title\"><a href=\"#\">Une Parenth\u00e8se de Bien-\u00catre<\/a><\/h4><p class=\"elementor-image-box-description\">Profitez de moments de d\u00e9tente absolue au sein de spas d\u2019exception, o\u00f9 chaque soin devient une invitation au l\u00e2cher-prise.\nLaissez-vous porter par des exp\u00e9riences bien-\u00eatre uniques, pens\u00e9es pour r\u00e9\u00e9quilibrer le corps et apaiser l\u2019esprit.<\/p><\/div><\/div>\t\t\t\t<\/div>\n\t\t\t\t<\/div>\n\t\t<div class=\"elementor-element elementor-element-75293d7 e-con-full e-flex e-con e-child\" data-id=\"75293d7\" data-element_type=\"container\">\n\t\t\t\t<div class=\"elementor-element elementor-element-25a422e elementor-position-top elementor-widget elementor-widget-image-box\" data-id=\"25a422e\" data-element_type=\"widget\" data-widget_type=\"image-box.default\">\n\t\t\t\t\t<div class=\"elementor-image-box-wrapper\"><figure class=\"elementor-image-box-img\"><a href=\"#\" tabindex=\"-1\"><img decoding=\"async\" width=\"2560\" height=\"1713\" src=\"https:\/\/wp1.mystudentblog.com\/wp-content\/uploads\/2026\/03\/pexels-pixabay-274249-scaled.jpg\" class=\"elementor-animation-grow attachment-full size-full wp-image-283\" alt=\"\" srcset=\"https:\/\/wp1.mystudentblog.com\/wp-content\/uploads\/2026\/03\/pexels-pixabay-274249-scaled.jpg 2560w, https:\/\/wp1.mystudentblog.com\/wp-content\/uploads\/2026\/03\/pexels-pixabay-274249-300x201.jpg 300w, https:\/\/wp1.mystudentblog.com\/wp-content\/uploads\/2026\/03\/pexels-pixabay-274249-1024x685.jpg 1024w, https:\/\/wp1.mystudentblog.com\/wp-content\/uploads\/2026\/03\/pexels-pixabay-274249-768x514.jpg 768w, https:\/\/wp1.mystudentblog.com\/wp-content\/uploads\/2026\/03\/pexels-pixabay-274249-1536x1028.jpg 1536w, https:\/\/wp1.mystudentblog.com\/wp-content\/uploads\/2026\/03\/pexels-pixabay-274249-2048x1370.jpg 2048w\" sizes=\"(max-width: 2560px) 100vw, 2560px\" \/><\/a><\/figure><div class=\"elementor-image-box-content\"><h4 class=\"elementor-image-box-title\"><a href=\"#\">Des Exp\u00e9riences Exclusives<\/a><\/h4><p class=\"elementor-image-box-description\">Savourez des instants privil\u00e9gi\u00e9s \u00e0 travers des activit\u00e9s exclusives, discr\u00e8tement orchestr\u00e9es pour pr\u00e9server intimit\u00e9 et s\u00e9r\u00e9nit\u00e9.\nChaque exp\u00e9rience est con\u00e7ue avec finesse, dans un souci constant d\u2019\u00e9l\u00e9gance et de discr\u00e9tion.<\/p><\/div><\/div>\t\t\t\t<\/div>\n\t\t\t\t<\/div>\n\t\t<div class=\"elementor-element elementor-element-96054fc e-con-full e-flex e-con e-child\" data-id=\"96054fc\" data-element_type=\"container\">\n\t\t\t\t<div class=\"elementor-element elementor-element-48353fb elementor-position-top elementor-widget elementor-widget-image-box\" data-id=\"48353fb\" data-element_type=\"widget\" data-widget_type=\"image-box.default\">\n\t\t\t\t\t<div class=\"elementor-image-box-wrapper\"><figure class=\"elementor-image-box-img\"><a href=\"#\" tabindex=\"-1\"><img decoding=\"async\" src=\"https:\/\/wp1.mystudentblog.com\/wp-content\/uploads\/elementor\/thumbs\/pexels-osho-1001965-scaled-rkqfdrr155r1o4ljipisgrlqufai29pifylt4pvthc.jpg\" title=\"pexels-osho-1001965\" alt=\"pexels-osho-1001965\" class=\"elementor-animation-grow\" loading=\"lazy\" \/><\/a><\/figure><div class=\"elementor-image-box-content\"><h4 class=\"elementor-image-box-title\"><a href=\"#\">Une Exp\u00e9rience Sur-Mesure<\/a><\/h4><p class=\"elementor-image-box-description\">Entre d\u00e9couvertes, relaxation et moments personnalis\u00e9s, chaque service s\u2019adapte \u00e0 vos envies.\nVotre s\u00e9jour devient ainsi une parenth\u00e8se rare et inoubliable, o\u00f9 chaque instant est fa\u00e7onn\u00e9 selon vos d\u00e9sirs.<\/p><\/div><\/div>\t\t\t\t<\/div>\n\t\t\t\t<\/div>\n\t\t\t\t<\/div>\n\t\t\t\t<\/div>\n\t\t\t\t\t<\/div>\n\t\t\t\t<\/div>\n\t\t\t\t<\/div>\n\t\t","protected":false},"excerpt":{"rendered":"<p>Une Invitation au Prestige Absolu Un s\u00e9jour dans nos h\u00f4tels de luxe est bien plus qu\u2019une simple escapade : c\u2019est [&hellip;]<\/p>\n","protected":false},"author":2,"featured_media":0,"parent":0,"menu_order":0,"comment_status":"closed","ping_status":"closed","template":"","meta":{"_uag_custom_page_level_css":"","site-sidebar-layout":"no-sidebar","site-content-layout":"","ast-site-content-layout":"full-width-container","site-content-style":"default","site-sidebar-style":"default","ast-global-header-display":"","ast-banner-title-visibility":"","ast-main-header-display":"","ast-hfb-above-header-display":"","ast-hfb-below-header-display":"","ast-hfb-mobile-header-display":"","site-post-title":"","ast-breadcrumbs-content":"","ast-featured-img":"disabled","footer-sml-layout":"","ast-disable-related-posts":"","theme-transparent-header-meta":"","adv-header-id-meta":"","stick-header-meta":"","header-above-stick-meta":"","header-main-stick-meta":"","header-below-stick-meta":"","astra-migrate-meta-layouts":"default","ast-page-background-enabled":"default","ast-page-background-meta":{"desktop":{"background-color":"var(--ast-global-color-5)","background-image":"","background-repeat":"repeat","background-position":"center center","background-size":"auto","background-attachment":"scroll","background-type":"","background-media":"","overlay-type":"","overlay-color":"","overlay-opacity":"","overlay-gradient":""},"tablet":{"background-color":"","background-image":"","background-repeat":"repeat","background-position":"center center","background-size":"auto","background-attachment":"scroll","background-type":"","background-media":"","overlay-type":"","overlay-color":"","overlay-opacity":"","overlay-gradient":""},"mobile":{"background-color":"","background-image":"","background-repeat":"repeat","background-position":"center center","background-size":"auto","background-attachment":"scroll","background-type":"","background-media":"","overlay-type":"","overlay-color":"","overlay-opacity":"","overlay-gradient":""}},"ast-content-background-meta":{"desktop":{"background-color":"var(--ast-global-color-4)","background-image":"","background-repeat":"repeat","background-position":"center center","background-size":"auto","background-attachment":"scroll","background-type":"","background-media":"","overlay-type":"","overlay-color":"","overlay-opacity":"","overlay-gradient":""},"tablet":{"background-color":"var(--ast-global-color-4)","background-image":"","background-repeat":"repeat","background-position":"center center","background-size":"auto","background-attachment":"scroll","background-type":"","background-media":"","overlay-type":"","overlay-color":"","overlay-opacity":"","overlay-gradient":""},"mobile":{"background-color":"var(--ast-global-color-4)","background-image":"","background-repeat":"repeat","background-position":"center center","background-size":"auto","background-attachment":"scroll","background-type":"","background-media":"","overlay-type":"","overlay-color":"","overlay-opacity":"","overlay-gradient":""}},"footnotes":""},"class_list":["post-228","page","type-page","status-publish","hentry"],"uagb_featured_image_src":{"full":false,"thumbnail":false,"medium":false,"medium_large":false,"large":false,"1536x1536":false,"2048x2048":false},"uagb_author_info":{"display_name":"eleve","author_link":"https:\/\/wp1.mystudentblog.com\/?author=2"},"uagb_comment_info":0,"uagb_excerpt":"Une Invitation au Prestige Absolu Un s\u00e9jour dans nos h\u00f4tels de luxe est bien plus qu\u2019une simple escapade : c\u2019est [&hellip;]","_links":{"self":[{"href":"https:\/\/wp1.mystudentblog.com\/index.php?rest_route=\/wp\/v2\/pages\/228","targetHints":{"allow":["GET"]}}],"collection":[{"href":"https:\/\/wp1.mystudentblog.com\/index.php?rest_route=\/wp\/v2\/pages"}],"about":[{"href":"https:\/\/wp1.mystudentblog.com\/index.php?rest_route=\/wp\/v2\/types\/page"}],"author":[{"embeddable":true,"href":"https:\/\/wp1.mystudentblog.com\/index.php?rest_route=\/wp\/v2\/users\/2"}],"replies":[{"embeddable":true,"href":"https:\/\/wp1.mystudentblog.com\/index.php?rest_route=%2Fwp%2Fv2%2Fcomments&post=228"}],"version-history":[{"count":31,"href":"https:\/\/wp1.mystudentblog.com\/index.php?rest_route=\/wp\/v2\/pages\/228\/revisions"}],"predecessor-version":[{"id":318,"href":"https:\/\/wp1.mystudentblog.com\/index.php?rest_route=\/wp\/v2\/pages\/228\/revisions\/318"}],"wp:attachment":[{"href":"https:\/\/wp1.mystudentblog.com\/index.php?rest_route=%2Fwp%2Fv2%2Fmedia&parent=228"}],"curies":[{"name":"wp","href":"https:\/\/api.w.org\/{rel}","templated":true}]}}