{"id":40,"date":"2025-11-20T07:44:04","date_gmt":"2025-11-20T07:44:04","guid":{"rendered":"https:\/\/wp1.mystudentblog.com\/?page_id=40"},"modified":"2026-03-26T08:28:50","modified_gmt":"2026-03-26T08:28:50","slug":"le-concept","status":"publish","type":"page","link":"https:\/\/wp1.mystudentblog.com\/?page_id=40","title":{"rendered":""},"content":{"rendered":"\t\t<div data-elementor-type=\"wp-page\" data-elementor-id=\"40\" class=\"elementor elementor-40\">\n\t\t\t\t<div class=\"elementor-element elementor-element-fbe9207 e-flex e-con-boxed e-con e-parent\" data-id=\"fbe9207\" data-element_type=\"container\">\n\t\t\t\t\t<div class=\"e-con-inner\">\n\t\t\t\t<div class=\"elementor-element elementor-element-1448962 elementor-widget elementor-widget-image\" data-id=\"1448962\" data-element_type=\"widget\" data-widget_type=\"image.default\">\n\t\t\t\t\t\t\t\t\t\t\t\t\t\t\t<img fetchpriority=\"high\" decoding=\"async\" width=\"800\" height=\"400\" src=\"https:\/\/wp1.mystudentblog.com\/wp-content\/uploads\/2026\/03\/site-internet-2.jpg\" class=\"attachment-large size-large wp-image-193\" alt=\"\" srcset=\"https:\/\/wp1.mystudentblog.com\/wp-content\/uploads\/2026\/03\/site-internet-2.jpg 800w, https:\/\/wp1.mystudentblog.com\/wp-content\/uploads\/2026\/03\/site-internet-2-300x150.jpg 300w, https:\/\/wp1.mystudentblog.com\/wp-content\/uploads\/2026\/03\/site-internet-2-768x384.jpg 768w\" sizes=\"(max-width: 800px) 100vw, 800px\" \/>\t\t\t\t\t\t\t\t\t\t\t\t\t\t\t<\/div>\n\t\t\t\t\t<\/div>\n\t\t\t\t<\/div>\n\t\t<div class=\"elementor-element elementor-element-dc4aff7 e-flex e-con-boxed e-con e-parent\" data-id=\"dc4aff7\" data-element_type=\"container\">\n\t\t\t\t\t<div class=\"e-con-inner\">\n\t\t\t\t<div class=\"elementor-element elementor-element-258e9bb elementor-widget elementor-widget-spacer\" data-id=\"258e9bb\" data-element_type=\"widget\" data-widget_type=\"spacer.default\">\n\t\t\t\t\t\t\t<div class=\"elementor-spacer\">\n\t\t\t<div class=\"elementor-spacer-inner\"><\/div>\n\t\t<\/div>\n\t\t\t\t\t\t<\/div>\n\t\t\t\t<div class=\"elementor-element elementor-element-674156a elementor-widget elementor-widget-heading\" data-id=\"674156a\" data-element_type=\"widget\" data-widget_type=\"heading.default\">\n\t\t\t\t\t<h2 class=\"elementor-heading-title elementor-size-default\">Une exp\u00e9rience<\/h2>\t\t\t\t<\/div>\n\t\t\t\t\t<\/div>\n\t\t\t\t<\/div>\n\t\t<header class=\"elementor-element elementor-element-7d3631d7 e-con-full e-flex e-con e-parent\" data-id=\"7d3631d7\" data-element_type=\"container\">\n\t\t<div class=\"elementor-element elementor-element-67c33ea e-con-full e-flex e-con e-child\" data-id=\"67c33ea\" data-element_type=\"container\">\n\t\t\t\t<div class=\"elementor-element elementor-element-23132798 elementor-align-right elementor-icon-list--layout-traditional elementor-list-item-link-full_width elementor-widget elementor-widget-icon-list\" data-id=\"23132798\" data-element_type=\"widget\" data-widget_type=\"icon-list.default\">\n\t\t\t\t\t\t\t<ul class=\"elementor-icon-list-items\">\n\t\t\t\t\t\t\t<li class=\"elementor-icon-list-item\">\n\t\t\t\t\t\t\t\t\t\t<span class=\"elementor-icon-list-text\"><\/span>\n\t\t\t\t\t\t\t\t\t<\/li>\n\t\t\t\t\t\t<\/ul>\n\t\t\t\t\t\t<\/div>\n\t\t\t\t<\/div>\n\t\t<div class=\"elementor-element elementor-element-7109ea56 e-con-full e-flex e-con e-child\" data-id=\"7109ea56\" data-element_type=\"container\">\n\t\t\t\t<div class=\"elementor-element elementor-element-674090e4 elementor-widget__width-initial elementor-widget elementor-widget-image\" data-id=\"674090e4\" data-element_type=\"widget\" data-widget_type=\"image.default\">\n\t\t\t\t\t\t\t\t\t\t\t\t\t\t\t<img decoding=\"async\" src=\"https:\/\/wp1.mystudentblog.com\/wp-content\/uploads\/elementor\/thumbs\/pexels-fmaderebner-238631-rkqebklbhtbvlo69yw15jro516dn6f8vyfn4n4a4dc.jpg\" title=\"pexels-fmaderebner-238631\" alt=\"pexels-fmaderebner-238631\" loading=\"lazy\" \/>\t\t\t\t\t\t\t\t\t\t\t\t\t\t\t<\/div>\n\t\t\t\t<\/div>\n\t\t\t\t<div class=\"elementor-element elementor-element-cf9d860 elementor-widget elementor-widget-text-editor\" data-id=\"cf9d860\" data-element_type=\"widget\" data-widget_type=\"text-editor.default\">\n\t\t\t\t\t\t\t\t\t<h3><span style=\"text-decoration: underline\"><strong>Une Invitation \u00e0 l\u2019Inconnu<\/strong><\/span><\/h3><p>Ce voyage que nous vous r\u00e9servons est bien plus qu\u2019une simple travers\u00e9e de pays.<br data-start=\"343\" data-end=\"346\" \/>Il s\u2019agit d\u2019une invitation exclusive \u00e0 explorer l\u2019invisible, \u00e0 vivre une exp\u00e9rience rare qui \u00e9veille les sens et nourrit une curiosit\u00e9 profonde.<\/p>\t\t\t\t\t\t\t\t<\/div>\n\t\t\t\t<\/header>\n\t\t<div class=\"elementor-element elementor-element-73f0cf72 e-con-full e-flex e-con e-parent\" data-id=\"73f0cf72\" data-element_type=\"container\" data-settings=\"{&quot;background_background&quot;:&quot;classic&quot;}\">\n\t\t<div class=\"elementor-element elementor-element-b1302a8 e-con-full e-flex e-con e-child\" data-id=\"b1302a8\" data-element_type=\"container\">\n\t\t\t\t<div class=\"elementor-element elementor-element-1df1b755 elementor-widget elementor-widget-heading\" data-id=\"1df1b755\" data-element_type=\"widget\" data-widget_type=\"heading.default\">\n\t\t\t\t\t<h1 class=\"elementor-heading-title elementor-size-default\">Un Univers Confidentiel<\/h1>\t\t\t\t<\/div>\n\t\t\t\t<div class=\"elementor-element elementor-element-3282803f elementor-widget elementor-widget-text-editor\" data-id=\"3282803f\" data-element_type=\"widget\" data-widget_type=\"text-editor.default\">\n\t\t\t\t\t\t\t\t\t<p>Au-del\u00e0 des paysages et des cultures, ce s\u00e9jour vous ouvre les portes d\u2019un monde discret, soigneusement s\u00e9lectionn\u00e9.<br data-start=\"646\" data-end=\"649\" \/>Des lieux pr\u00e9serv\u00e9s, souvent inaccessibles au grand public, des h\u00e9bergements d\u2019exception et des exp\u00e9riences intimistes composent un cadre unique, r\u00e9serv\u00e9 \u00e0 quelques privil\u00e9gi\u00e9s.<\/p>\t\t\t\t\t\t\t\t<\/div>\n\t\t\t\t<div class=\"elementor-element elementor-element-1526c648 elementor-mobile-align-center elementor-widget elementor-widget-button\" data-id=\"1526c648\" data-element_type=\"widget\" data-widget_type=\"button.default\">\n\t\t\t\t\t\t\t\t\t\t<a class=\"elementor-button elementor-button-link elementor-size-sm\" href=\"#\">\n\t\t\t\t\t\t<span class=\"elementor-button-content-wrapper\">\n\t\t\t\t\t\t\t\t\t<span class=\"elementor-button-text\">Contact us<\/span>\n\t\t\t\t\t<\/span>\n\t\t\t\t\t<\/a>\n\t\t\t\t\t\t\t\t<\/div>\n\t\t\t\t<\/div>\n\t\t<div class=\"elementor-element elementor-element-43cd074c e-con-full e-flex e-con e-child\" data-id=\"43cd074c\" data-element_type=\"container\">\n\t\t\t\t<div class=\"elementor-element elementor-element-5258cb11 elementor-widget elementor-widget-image\" data-id=\"5258cb11\" data-element_type=\"widget\" data-widget_type=\"image.default\">\n\t\t\t\t\t\t\t\t\t\t\t\t\t\t\t<img decoding=\"async\" width=\"683\" height=\"1024\" src=\"https:\/\/wp1.mystudentblog.com\/wp-content\/uploads\/2026\/03\/pexels-alexazabache-3254753-683x1024.jpg\" class=\"attachment-large size-large wp-image-271\" alt=\"\" srcset=\"https:\/\/wp1.mystudentblog.com\/wp-content\/uploads\/2026\/03\/pexels-alexazabache-3254753-683x1024.jpg 683w, https:\/\/wp1.mystudentblog.com\/wp-content\/uploads\/2026\/03\/pexels-alexazabache-3254753-200x300.jpg 200w, https:\/\/wp1.mystudentblog.com\/wp-content\/uploads\/2026\/03\/pexels-alexazabache-3254753-768x1152.jpg 768w, https:\/\/wp1.mystudentblog.com\/wp-content\/uploads\/2026\/03\/pexels-alexazabache-3254753-1024x1536.jpg 1024w, https:\/\/wp1.mystudentblog.com\/wp-content\/uploads\/2026\/03\/pexels-alexazabache-3254753-1365x2048.jpg 1365w, https:\/\/wp1.mystudentblog.com\/wp-content\/uploads\/2026\/03\/pexels-alexazabache-3254753-scaled.jpg 1706w\" sizes=\"(max-width: 683px) 100vw, 683px\" \/>\t\t\t\t\t\t\t\t\t\t\t\t\t\t\t<\/div>\n\t\t\t\t<\/div>\n\t\t\t\t<\/div>\n\t\t<div class=\"elementor-element elementor-element-3129b80b e-flex e-con-boxed e-con e-parent\" data-id=\"3129b80b\" data-element_type=\"container\">\n\t\t\t\t\t<div class=\"e-con-inner\">\n\t\t<div class=\"elementor-element elementor-element-4ffd28cf e-con-full e-flex e-con e-child\" data-id=\"4ffd28cf\" data-element_type=\"container\">\n\t\t<div class=\"elementor-element elementor-element-c8f1fd1 e-con-full e-flex e-con e-child\" data-id=\"c8f1fd1\" data-element_type=\"container\">\n\t\t\t\t<div class=\"elementor-element elementor-element-c3ffa96 elementor-widget elementor-widget-image\" data-id=\"c3ffa96\" data-element_type=\"widget\" data-widget_type=\"image.default\">\n\t\t\t\t\t\t\t\t\t\t\t\t\t\t\t<img decoding=\"async\" width=\"1024\" height=\"683\" src=\"https:\/\/wp1.mystudentblog.com\/wp-content\/uploads\/2026\/03\/pexels-shukran-2804411-1024x683.jpg\" class=\"attachment-large size-large wp-image-273\" alt=\"\" srcset=\"https:\/\/wp1.mystudentblog.com\/wp-content\/uploads\/2026\/03\/pexels-shukran-2804411-1024x683.jpg 1024w, https:\/\/wp1.mystudentblog.com\/wp-content\/uploads\/2026\/03\/pexels-shukran-2804411-300x200.jpg 300w, https:\/\/wp1.mystudentblog.com\/wp-content\/uploads\/2026\/03\/pexels-shukran-2804411-768x513.jpg 768w, https:\/\/wp1.mystudentblog.com\/wp-content\/uploads\/2026\/03\/pexels-shukran-2804411-1536x1025.jpg 1536w, https:\/\/wp1.mystudentblog.com\/wp-content\/uploads\/2026\/03\/pexels-shukran-2804411-2048x1367.jpg 2048w\" sizes=\"(max-width: 1024px) 100vw, 1024px\" \/>\t\t\t\t\t\t\t\t\t\t\t\t\t\t\t<\/div>\n\t\t\t\t<div class=\"elementor-element elementor-element-6ef00d1e elementor-widget elementor-widget-image\" data-id=\"6ef00d1e\" data-element_type=\"widget\" data-widget_type=\"image.default\">\n\t\t\t\t\t\t\t\t\t\t\t\t\t\t\t<img loading=\"lazy\" decoding=\"async\" width=\"1024\" height=\"541\" src=\"https:\/\/wp1.mystudentblog.com\/wp-content\/uploads\/2026\/03\/pexels-lilartsy-1172105-1024x541.jpg\" class=\"attachment-large size-large wp-image-276\" alt=\"\" srcset=\"https:\/\/wp1.mystudentblog.com\/wp-content\/uploads\/2026\/03\/pexels-lilartsy-1172105-1024x541.jpg 1024w, https:\/\/wp1.mystudentblog.com\/wp-content\/uploads\/2026\/03\/pexels-lilartsy-1172105-300x158.jpg 300w, https:\/\/wp1.mystudentblog.com\/wp-content\/uploads\/2026\/03\/pexels-lilartsy-1172105-768x406.jpg 768w, https:\/\/wp1.mystudentblog.com\/wp-content\/uploads\/2026\/03\/pexels-lilartsy-1172105-1536x811.jpg 1536w, https:\/\/wp1.mystudentblog.com\/wp-content\/uploads\/2026\/03\/pexels-lilartsy-1172105-2048x1082.jpg 2048w\" sizes=\"(max-width: 1024px) 100vw, 1024px\" \/>\t\t\t\t\t\t\t\t\t\t\t\t\t\t\t<\/div>\n\t\t\t\t<\/div>\n\t\t<div class=\"elementor-element elementor-element-10fb18eb e-con-full e-flex e-con e-child\" data-id=\"10fb18eb\" data-element_type=\"container\">\n\t\t\t\t<div class=\"elementor-element elementor-element-2f61a8ae elementor-widget elementor-widget-image\" data-id=\"2f61a8ae\" data-element_type=\"widget\" data-widget_type=\"image.default\">\n\t\t\t\t\t\t\t\t\t\t\t\t\t\t\t<img loading=\"lazy\" decoding=\"async\" width=\"819\" height=\"1024\" src=\"https:\/\/wp1.mystudentblog.com\/wp-content\/uploads\/2026\/03\/pexels-roman-odintsov-4555359-819x1024.jpg\" class=\"attachment-large size-large wp-image-274\" alt=\"\" srcset=\"https:\/\/wp1.mystudentblog.com\/wp-content\/uploads\/2026\/03\/pexels-roman-odintsov-4555359-819x1024.jpg 819w, https:\/\/wp1.mystudentblog.com\/wp-content\/uploads\/2026\/03\/pexels-roman-odintsov-4555359-240x300.jpg 240w, https:\/\/wp1.mystudentblog.com\/wp-content\/uploads\/2026\/03\/pexels-roman-odintsov-4555359-768x960.jpg 768w, https:\/\/wp1.mystudentblog.com\/wp-content\/uploads\/2026\/03\/pexels-roman-odintsov-4555359-1229x1536.jpg 1229w, https:\/\/wp1.mystudentblog.com\/wp-content\/uploads\/2026\/03\/pexels-roman-odintsov-4555359-1639x2048.jpg 1639w, https:\/\/wp1.mystudentblog.com\/wp-content\/uploads\/2026\/03\/pexels-roman-odintsov-4555359-scaled.jpg 2048w\" sizes=\"(max-width: 819px) 100vw, 819px\" \/>\t\t\t\t\t\t\t\t\t\t\t\t\t\t\t<\/div>\n\t\t\t\t<div class=\"elementor-element elementor-element-3cdbb094 elementor-widget elementor-widget-image\" data-id=\"3cdbb094\" data-element_type=\"widget\" data-widget_type=\"image.default\">\n\t\t\t\t\t\t\t\t\t\t\t\t\t\t\t<img loading=\"lazy\" decoding=\"async\" width=\"1024\" height=\"768\" src=\"https:\/\/wp1.mystudentblog.com\/wp-content\/uploads\/2026\/03\/pexels-ninauhlikova-725255-1024x768.jpg\" class=\"attachment-large size-large wp-image-272\" alt=\"\" srcset=\"https:\/\/wp1.mystudentblog.com\/wp-content\/uploads\/2026\/03\/pexels-ninauhlikova-725255-1024x768.jpg 1024w, https:\/\/wp1.mystudentblog.com\/wp-content\/uploads\/2026\/03\/pexels-ninauhlikova-725255-300x225.jpg 300w, https:\/\/wp1.mystudentblog.com\/wp-content\/uploads\/2026\/03\/pexels-ninauhlikova-725255-768x576.jpg 768w, https:\/\/wp1.mystudentblog.com\/wp-content\/uploads\/2026\/03\/pexels-ninauhlikova-725255-1536x1152.jpg 1536w, https:\/\/wp1.mystudentblog.com\/wp-content\/uploads\/2026\/03\/pexels-ninauhlikova-725255-2048x1536.jpg 2048w\" sizes=\"(max-width: 1024px) 100vw, 1024px\" \/>\t\t\t\t\t\t\t\t\t\t\t\t\t\t\t<\/div>\n\t\t\t\t<\/div>\n\t\t\t\t<\/div>\n\t\t<div class=\"elementor-element elementor-element-7f2b4ab4 e-con-full e-flex e-con e-child\" data-id=\"7f2b4ab4\" data-element_type=\"container\">\n\t\t\t\t<div class=\"elementor-element elementor-element-4b35b483 elementor-widget elementor-widget-heading\" data-id=\"4b35b483\" data-element_type=\"widget\" data-widget_type=\"heading.default\">\n\t\t\t\t\t<h3 class=\"elementor-heading-title elementor-size-default\">Go\u00fbter \u00e0 une Nouvelle Vie<\/h3>\t\t\t\t<\/div>\n\t\t\t\t<div class=\"elementor-element elementor-element-7a935b8 elementor-widget elementor-widget-text-editor\" data-id=\"7a935b8\" data-element_type=\"widget\" data-widget_type=\"text-editor.default\">\n\t\t\t\t\t\t\t\t\t<p>Se laisser guider par l\u2019inattendu, c\u2019est accepter de d\u00e9couvrir des horizons insoup\u00e7onn\u00e9s.<br data-start=\"957\" data-end=\"960\" \/>Chaque instant devient une r\u00e9v\u00e9lation, chaque rencontre une \u00e9motion sinc\u00e8re.<br data-start=\"1036\" data-end=\"1039\" \/>Dans ces lieux rares, le temps semble suspendu, laissant place \u00e0 une sensation de libert\u00e9 absolue.<\/p>\t\t\t\t\t\t\t\t<\/div>\n\t\t\t\t<div class=\"elementor-element elementor-element-713683d2 elementor-mobile-align-center elementor-invisible elementor-widget elementor-widget-button\" data-id=\"713683d2\" data-element_type=\"widget\" data-settings=\"{&quot;_animation&quot;:&quot;fadeInDown&quot;}\" data-widget_type=\"button.default\">\n\t\t\t\t\t\t\t\t\t\t<a class=\"elementor-button elementor-button-link elementor-size-sm\" href=\"#\">\n\t\t\t\t\t\t<span class=\"elementor-button-content-wrapper\">\n\t\t\t\t\t\t\t\t\t<span class=\"elementor-button-text\">Learn more<\/span>\n\t\t\t\t\t<\/span>\n\t\t\t\t\t<\/a>\n\t\t\t\t\t\t\t\t<\/div>\n\t\t\t\t<\/div>\n\t\t\t\t\t<\/div>\n\t\t\t\t<\/div>\n\t\t<div class=\"elementor-element elementor-element-73e97fb e-flex e-con-boxed e-con e-parent\" data-id=\"73e97fb\" data-element_type=\"container\">\n\t\t\t\t\t<div class=\"e-con-inner\">\n\t\t<footer class=\"elementor-element elementor-element-4b1665a e-con-full e-flex e-con e-child\" data-id=\"4b1665a\" data-element_type=\"container\">\n\t\t<div class=\"elementor-element elementor-element-2360cc7 e-con-full e-flex e-con e-child\" data-id=\"2360cc7\" data-element_type=\"container\">\n\t\t\t\t<div class=\"elementor-element elementor-element-490bd89 elementor-widget elementor-widget-image\" data-id=\"490bd89\" data-element_type=\"widget\" data-widget_type=\"image.default\">\n\t\t\t\t\t\t\t\t\t\t\t\t\t\t\t<img loading=\"lazy\" decoding=\"async\" width=\"300\" height=\"90\" src=\"https:\/\/wp1.mystudentblog.com\/wp-content\/uploads\/2025\/11\/M-184x55.jpg\" class=\"attachment-full size-full wp-image-61\" alt=\"\" srcset=\"https:\/\/wp1.mystudentblog.com\/wp-content\/uploads\/2025\/11\/M.jpg 300w, https:\/\/wp1.mystudentblog.com\/wp-content\/uploads\/2025\/11\/M-184x55.jpg 184w\" sizes=\"(max-width: 300px) 100vw, 300px\" \/>\t\t\t\t\t\t\t\t\t\t\t\t\t\t\t<\/div>\n\t\t\t\t<\/div>\n\t\t<div class=\"elementor-element elementor-element-7eb9de4 e-con-full e-flex e-con e-child\" data-id=\"7eb9de4\" data-element_type=\"container\">\n\t\t\t\t<div class=\"elementor-element elementor-element-807fd56 elementor-icon-list--layout-inline elementor-tablet-align-center elementor-align-center elementor-list-item-link-full_width elementor-widget elementor-widget-icon-list\" data-id=\"807fd56\" data-element_type=\"widget\" data-widget_type=\"icon-list.default\">\n\t\t\t\t\t\t\t<ul class=\"elementor-icon-list-items elementor-inline-items\">\n\t\t\t\t\t\t\t<li class=\"elementor-icon-list-item elementor-inline-item\">\n\t\t\t\t\t\t\t\t\t\t<span class=\"elementor-icon-list-text\">123-456-7890<\/span>\n\t\t\t\t\t\t\t\t\t<\/li>\n\t\t\t\t\t\t\t\t<li class=\"elementor-icon-list-item elementor-inline-item\">\n\t\t\t\t\t\t\t\t\t\t<span class=\"elementor-icon-list-text\">123 Main Street, New York, NY 10001<\/span>\n\t\t\t\t\t\t\t\t\t<\/li>\n\t\t\t\t\t\t\t\t<li class=\"elementor-icon-list-item elementor-inline-item\">\n\t\t\t\t\t\t\t\t\t\t<span class=\"elementor-icon-list-text\">Mon-Fri 9:00AM - 5:00PM<\/span>\n\t\t\t\t\t\t\t\t\t<\/li>\n\t\t\t\t\t\t<\/ul>\n\t\t\t\t\t\t<\/div>\n\t\t\t\t<\/div>\n\t\t<div class=\"elementor-element elementor-element-754e751 e-con-full e-flex e-con e-child\" data-id=\"754e751\" data-element_type=\"container\">\n\t\t\t\t<div class=\"elementor-element elementor-element-2d267d8 e-grid-align-right e-grid-align-tablet-right e-grid-align-mobile-center elementor-widget-mobile__width-inherit elementor-shape-rounded elementor-grid-0 elementor-widget elementor-widget-social-icons\" data-id=\"2d267d8\" data-element_type=\"widget\" data-widget_type=\"social-icons.default\">\n\t\t\t\t\t\t\t<div class=\"elementor-social-icons-wrapper elementor-grid\" role=\"list\">\n\t\t\t\t\t\t\t<span class=\"elementor-grid-item\" role=\"listitem\">\n\t\t\t\t\t<a class=\"elementor-icon elementor-social-icon elementor-social-icon-instagram elementor-repeater-item-5c0ce3c\" target=\"_blank\">\n\t\t\t\t\t\t<span class=\"elementor-screen-only\">Instagram<\/span>\n\t\t\t\t\t\t<svg aria-hidden=\"true\" class=\"e-font-icon-svg e-fab-instagram\" viewBox=\"0 0 448 512\" xmlns=\"http:\/\/www.w3.org\/2000\/svg\"><path d=\"M224.1 141c-63.6 0-114.9 51.3-114.9 114.9s51.3 114.9 114.9 114.9S339 319.5 339 255.9 287.7 141 224.1 141zm0 189.6c-41.1 0-74.7-33.5-74.7-74.7s33.5-74.7 74.7-74.7 74.7 33.5 74.7 74.7-33.6 74.7-74.7 74.7zm146.4-194.3c0 14.9-12 26.8-26.8 26.8-14.9 0-26.8-12-26.8-26.8s12-26.8 26.8-26.8 26.8 12 26.8 26.8zm76.1 27.2c-1.7-35.9-9.9-67.7-36.2-93.9-26.2-26.2-58-34.4-93.9-36.2-37-2.1-147.9-2.1-184.9 0-35.8 1.7-67.6 9.9-93.9 36.1s-34.4 58-36.2 93.9c-2.1 37-2.1 147.9 0 184.9 1.7 35.9 9.9 67.7 36.2 93.9s58 34.4 93.9 36.2c37 2.1 147.9 2.1 184.9 0 35.9-1.7 67.7-9.9 93.9-36.2 26.2-26.2 34.4-58 36.2-93.9 2.1-37 2.1-147.8 0-184.8zM398.8 388c-7.8 19.6-22.9 34.7-42.6 42.6-29.5 11.7-99.5 9-132.1 9s-102.7 2.6-132.1-9c-19.6-7.8-34.7-22.9-42.6-42.6-11.7-29.5-9-99.5-9-132.1s-2.6-102.7 9-132.1c7.8-19.6 22.9-34.7 42.6-42.6 29.5-11.7 99.5-9 132.1-9s102.7-2.6 132.1 9c19.6 7.8 34.7 22.9 42.6 42.6 11.7 29.5 9 99.5 9 132.1s2.7 102.7-9 132.1z\"><\/path><\/svg>\t\t\t\t\t<\/a>\n\t\t\t\t<\/span>\n\t\t\t\t\t\t\t<span class=\"elementor-grid-item\" role=\"listitem\">\n\t\t\t\t\t<a class=\"elementor-icon elementor-social-icon elementor-social-icon-twitter elementor-repeater-item-828f132\" target=\"_blank\">\n\t\t\t\t\t\t<span class=\"elementor-screen-only\">Twitter<\/span>\n\t\t\t\t\t\t<svg aria-hidden=\"true\" class=\"e-font-icon-svg e-fab-twitter\" viewBox=\"0 0 512 512\" xmlns=\"http:\/\/www.w3.org\/2000\/svg\"><path d=\"M459.37 151.716c.325 4.548.325 9.097.325 13.645 0 138.72-105.583 298.558-298.558 298.558-59.452 0-114.68-17.219-161.137-47.106 8.447.974 16.568 1.299 25.34 1.299 49.055 0 94.213-16.568 130.274-44.832-46.132-.975-84.792-31.188-98.112-72.772 6.498.974 12.995 1.624 19.818 1.624 9.421 0 18.843-1.3 27.614-3.573-48.081-9.747-84.143-51.98-84.143-102.985v-1.299c13.969 7.797 30.214 12.67 47.431 13.319-28.264-18.843-46.781-51.005-46.781-87.391 0-19.492 5.197-37.36 14.294-52.954 51.655 63.675 129.3 105.258 216.365 109.807-1.624-7.797-2.599-15.918-2.599-24.04 0-57.828 46.782-104.934 104.934-104.934 30.213 0 57.502 12.67 76.67 33.137 23.715-4.548 46.456-13.32 66.599-25.34-7.798 24.366-24.366 44.833-46.132 57.827 21.117-2.273 41.584-8.122 60.426-16.243-14.292 20.791-32.161 39.308-52.628 54.253z\"><\/path><\/svg>\t\t\t\t\t<\/a>\n\t\t\t\t<\/span>\n\t\t\t\t\t\t\t<span class=\"elementor-grid-item\" role=\"listitem\">\n\t\t\t\t\t<a class=\"elementor-icon elementor-social-icon elementor-social-icon-youtube elementor-repeater-item-a2f7c20\" target=\"_blank\">\n\t\t\t\t\t\t<span class=\"elementor-screen-only\">Youtube<\/span>\n\t\t\t\t\t\t<svg aria-hidden=\"true\" class=\"e-font-icon-svg e-fab-youtube\" viewBox=\"0 0 576 512\" xmlns=\"http:\/\/www.w3.org\/2000\/svg\"><path d=\"M549.655 124.083c-6.281-23.65-24.787-42.276-48.284-48.597C458.781 64 288 64 288 64S117.22 64 74.629 75.486c-23.497 6.322-42.003 24.947-48.284 48.597-11.412 42.867-11.412 132.305-11.412 132.305s0 89.438 11.412 132.305c6.281 23.65 24.787 41.5 48.284 47.821C117.22 448 288 448 288 448s170.78 0 213.371-11.486c23.497-6.321 42.003-24.171 48.284-47.821 11.412-42.867 11.412-132.305 11.412-132.305s0-89.438-11.412-132.305zm-317.51 213.508V175.185l142.739 81.205-142.739 81.201z\"><\/path><\/svg>\t\t\t\t\t<\/a>\n\t\t\t\t<\/span>\n\t\t\t\t\t<\/div>\n\t\t\t\t\t\t<\/div>\n\t\t\t\t<\/div>\n\t\t\t\t<\/footer>\n\t\t\t\t\t<\/div>\n\t\t\t\t<\/div>\n\t\t<div class=\"elementor-element elementor-element-35ee8146 e-con-full e-flex e-con e-parent\" data-id=\"35ee8146\" data-element_type=\"container\" data-settings=\"{&quot;background_background&quot;:&quot;classic&quot;}\">\n\t\t\t\t<div class=\"elementor-element elementor-element-638e3c58 elementor-widget elementor-widget-heading\" data-id=\"638e3c58\" data-element_type=\"widget\" data-widget_type=\"heading.default\">\n\t\t\t\t\t<p class=\"elementor-heading-title elementor-size-default\">\u00a9 All Rights Reserved.<\/p>\t\t\t\t<\/div>\n\t\t\t\t<\/div>\n\t\t\t\t<\/div>\n\t\t","protected":false},"excerpt":{"rendered":"<p>Une exp\u00e9rience Une Invitation \u00e0 l\u2019Inconnu Ce voyage que nous vous r\u00e9servons est bien plus qu\u2019une simple travers\u00e9e de pays.Il [&hellip;]<\/p>\n","protected":false},"author":2,"featured_media":0,"parent":0,"menu_order":0,"comment_status":"closed","ping_status":"closed","template":"","meta":{"_uag_custom_page_level_css":"","site-sidebar-layout":"no-sidebar","site-content-layout":"","ast-site-content-layout":"full-width-container","site-content-style":"default","site-sidebar-style":"default","ast-global-header-display":"","ast-banner-title-visibility":"","ast-main-header-display":"","ast-hfb-above-header-display":"","ast-hfb-below-header-display":"","ast-hfb-mobile-header-display":"","site-post-title":"","ast-breadcrumbs-content":"","ast-featured-img":"disabled","footer-sml-layout":"","ast-disable-related-posts":"","theme-transparent-header-meta":"","adv-header-id-meta":"","stick-header-meta":"","header-above-stick-meta":"","header-main-stick-meta":"","header-below-stick-meta":"","astra-migrate-meta-layouts":"default","ast-page-background-enabled":"default","ast-page-background-meta":{"desktop":{"background-color":"var(--ast-global-color-5)","background-image":"","background-repeat":"repeat","background-position":"center center","background-size":"auto","background-attachment":"scroll","background-type":"","background-media":"","overlay-type":"","overlay-color":"","overlay-opacity":"","overlay-gradient":""},"tablet":{"background-color":"","background-image":"","background-repeat":"repeat","background-position":"center center","background-size":"auto","background-attachment":"scroll","background-type":"","background-media":"","overlay-type":"","overlay-color":"","overlay-opacity":"","overlay-gradient":""},"mobile":{"background-color":"","background-image":"","background-repeat":"repeat","background-position":"center center","background-size":"auto","background-attachment":"scroll","background-type":"","background-media":"","overlay-type":"","overlay-color":"","overlay-opacity":"","overlay-gradient":""}},"ast-content-background-meta":{"desktop":{"background-color":"var(--ast-global-color-4)","background-image":"","background-repeat":"repeat","background-position":"center center","background-size":"auto","background-attachment":"scroll","background-type":"","background-media":"","overlay-type":"","overlay-color":"","overlay-opacity":"","overlay-gradient":""},"tablet":{"background-color":"var(--ast-global-color-4)","background-image":"","background-repeat":"repeat","background-position":"center center","background-size":"auto","background-attachment":"scroll","background-type":"","background-media":"","overlay-type":"","overlay-color":"","overlay-opacity":"","overlay-gradient":""},"mobile":{"background-color":"var(--ast-global-color-4)","background-image":"","background-repeat":"repeat","background-position":"center center","background-size":"auto","background-attachment":"scroll","background-type":"","background-media":"","overlay-type":"","overlay-color":"","overlay-opacity":"","overlay-gradient":""}},"footnotes":""},"class_list":["post-40","page","type-page","status-publish","hentry"],"uagb_featured_image_src":{"full":false,"thumbnail":false,"medium":false,"medium_large":false,"large":false,"1536x1536":false,"2048x2048":false},"uagb_author_info":{"display_name":"eleve","author_link":"https:\/\/wp1.mystudentblog.com\/?author=2"},"uagb_comment_info":0,"uagb_excerpt":"Une exp\u00e9rience Une Invitation \u00e0 l\u2019Inconnu Ce voyage que nous vous r\u00e9servons est bien plus qu\u2019une simple travers\u00e9e de pays.Il [&hellip;]","_links":{"self":[{"href":"https:\/\/wp1.mystudentblog.com\/index.php?rest_route=\/wp\/v2\/pages\/40","targetHints":{"allow":["GET"]}}],"collection":[{"href":"https:\/\/wp1.mystudentblog.com\/index.php?rest_route=\/wp\/v2\/pages"}],"about":[{"href":"https:\/\/wp1.mystudentblog.com\/index.php?rest_route=\/wp\/v2\/types\/page"}],"author":[{"embeddable":true,"href":"https:\/\/wp1.mystudentblog.com\/index.php?rest_route=\/wp\/v2\/users\/2"}],"replies":[{"embeddable":true,"href":"https:\/\/wp1.mystudentblog.com\/index.php?rest_route=%2Fwp%2Fv2%2Fcomments&post=40"}],"version-history":[{"count":27,"href":"https:\/\/wp1.mystudentblog.com\/index.php?rest_route=\/wp\/v2\/pages\/40\/revisions"}],"predecessor-version":[{"id":305,"href":"https:\/\/wp1.mystudentblog.com\/index.php?rest_route=\/wp\/v2\/pages\/40\/revisions\/305"}],"wp:attachment":[{"href":"https:\/\/wp1.mystudentblog.com\/index.php?rest_route=%2Fwp%2Fv2%2Fmedia&parent=40"}],"curies":[{"name":"wp","href":"https:\/\/api.w.org\/{rel}","templated":true}]}}